{"id":3865,"date":"2020-11-13T07:25:27","date_gmt":"2020-11-13T06:25:27","guid":{"rendered":"https:\/\/coolinaria.eu\/impressum\/"},"modified":"2020-11-13T07:25:27","modified_gmt":"2020-11-13T06:25:27","slug":"impressum","status":"publish","type":"page","link":"https:\/\/coolinaria.eu\/pl\/impressum\/","title":{"rendered":"Impressum"},"content":{"rendered":"<div class=\"fusion-fullwidth fullwidth-box fusion-builder-row-1 fusion-flex-container nonhundred-percent-fullwidth non-hundred-percent-height-scrolling\" style=\"--awb-border-radius-top-left:0px;--awb-border-radius-top-right:0px;--awb-border-radius-bottom-right:0px;--awb-border-radius-bottom-left:0px;--awb-flex-wrap:wrap;\" ><div class=\"fusion-builder-row fusion-row fusion-flex-align-items-flex-start fusion-flex-content-wrap\" style=\"max-width:1430px;margin-left: calc(-4% \/ 2 );margin-right: calc(-4% \/ 2 );\"><div class=\"fusion-layout-column fusion_builder_column fusion-builder-column-0 fusion_builder_column_1_1 1_1 fusion-flex-column\" style=\"--awb-bg-size:cover;--awb-width-large:100%;--awb-margin-top-large:0px;--awb-spacing-right-large:1.92%;--awb-margin-bottom-large:4%;--awb-spacing-left-large:1.92%;--awb-width-medium:100%;--awb-order-medium:0;--awb-spacing-right-medium:1.92%;--awb-spacing-left-medium:1.92%;--awb-width-small:100%;--awb-order-small:0;--awb-spacing-right-small:1.92%;--awb-spacing-left-small:1.92%;\"><div class=\"fusion-column-wrapper fusion-column-has-shadow fusion-flex-justify-content-flex-start fusion-content-layout-column\"><div class=\"fusion-text fusion-text-1\"><p>Angaben gem\u00e4\u00df \u00a7 5 TMG:<\/p>\n<p>Weinhaus Kr\u00fcger<br \/>Obermarkt 7<br \/>02826 G\u00f6rlitz<\/p>\n<p>Inhaltlich Verantwortliche gem\u00e4\u00df \u00a7 55 Abs. 2 RStV:<\/p>\n<p>Inga Witing<\/p>\n<p>E-Mail: info@coolinaria.eu<\/p>\n<p><strong>Zastrze\u017cenia<\/strong><\/p>\n<h3>1. ostrze\u017cenie o tre\u015bci<\/h3>\n<p>Bezp\u0142atne i og\u00f3lnodost\u0119pne tre\u015bci zawarte na tej stronie zosta\u0142y stworzone z najwi\u0119ksz\u0105 staranno\u015bci\u0105. Dostawca tej strony nie gwarantuje jednak dok\u0142adno\u015bci i aktualno\u015bci udost\u0119pnianych bezp\u0142atnych i og\u00f3lnodost\u0119pnych poradnik\u00f3w dziennikarskich i wiadomo\u015bci. Wk\u0142ady oznaczone nazwiskiem odzwierciedlaj\u0105 opini\u0119 danego autora i nie zawsze s\u0105 zgodne z opini\u0105 dostawcy. Samo przywo\u0142anie darmowych i swobodnie dost\u0119pnych tre\u015bci nie tworzy \u017cadnego stosunku umownego mi\u0119dzy u\u017cytkownikiem a dostawc\u0105; w tym wzgl\u0119dzie brak jest zamiaru prawnego dostawcy.<\/p>\n<h3>2. linki zewn\u0119trzne<\/h3>\n<p>Niniejsza witryna zawiera linki do stron internetowych os\u00f3b trzecich (&#8222;linki zewn\u0119trzne&#8221;). Odpowiedzialno\u015b\u0107 za te strony ponosz\u0105 ich operatorzy. Przy pierwszym tworzeniu link\u00f3w zewn\u0119trznych dostawca sprawdzi\u0142, czy tre\u015bci zewn\u0119trzne nie naruszaj\u0105 prawa. W tym czasie nie stwierdzono \u017cadnych narusze\u0144 prawa. Dostawca nie ma wp\u0142ywu na aktualny i przysz\u0142y wygl\u0105d oraz zawarto\u015b\u0107 stron, do kt\u00f3rych prowadz\u0105 odno\u015bniki. Zamieszczenie link\u00f3w zewn\u0119trznych nie oznacza, \u017ce dostawca przyjmuje tre\u015bci znajduj\u0105ce si\u0119 za danym odno\u015bnikiem lub linkiem za w\u0142asne. Nie jest uzasadnione, aby dostawca stale monitorowa\u0142 linki zewn\u0119trzne bez konkretnych wskaz\u00f3wek dotycz\u0105cych narusze\u0144 prawa. Takie linki zewn\u0119trzne b\u0119d\u0105 jednak niezw\u0142ocznie usuwane w przypadku ujawnienia narusze\u0144 prawa.<\/p>\n<h3>3. prawa autorskie i pomocnicze prawa autorskie<\/h3>\n<p>Die auf dieser Website ver\u00f6ffentlichten Inhalte unterliegen dem deutschen Urheber- und Leistungsschutzrecht. Ka\u017cde u\u017cycie, kt\u00f3re nie jest dozwolone przez niemieckie prawo autorskie i pomocnicze prawo autorskie, wymaga uprzedniej pisemnej zgody dostawcy lub odpowiedniego w\u0142a\u015bciciela praw. Dotyczy to w szczeg\u00f3lno\u015bci kopiowania, edytowania, t\u0142umaczenia, przechowywania, przetwarzania lub powielania tre\u015bci w bazach danych lub innych mediach i systemach elektronicznych. Tre\u015bci i prawa os\u00f3b trzecich s\u0105 oznaczone jako takie. Nieautoryzowane powielanie lub rozpowszechnianie poszczeg\u00f3lnych tre\u015bci lub ca\u0142ych stron jest niedozwolone i podlega karze prawnej. Dozwolone jest jedynie tworzenie kopii i pobieranie plik\u00f3w do u\u017cytku osobistego, prywatnego i niekomercyjnego.<\/p>\n<p><strong>Zdj\u0119cia:<\/strong><strong><br \/><\/strong>Poni\u017csze informacje dotycz\u0105 wszystkich przedstawionych grafik i zdj\u0119\u0107:<br \/>Prawa autorskie i wszelkie inne prawa do tych grafik i obraz\u00f3w nale\u017c\u0105 do wy\u017cej wymienionych w\u0142a\u015bcicieli i\/lub ich licencjodawc\u00f3w. Powielanie lub wykorzystywanie, kopiowanie lub przechowywanie w jakiejkolwiek formie tych grafik i zdj\u0119\u0107 &#8211; w ca\u0142o\u015bci lub we fragmentach &#8211; w innych publikacjach elektronicznych lub drukowanych jest niniejszym wyra\u017anie zabronione.<\/p>\n<p>Paul Glaser \/ glaserfotografie.de<\/p>\n<p><strong>Uk\u0142ad i wdro\u017cenie strony internetowej<\/strong><strong><br \/><\/strong><a href=\"https:\/\/www.weehouse.de\" target=\"_blank\" rel=\"noopener\">Marketing &amp; Design <\/a><br \/>Ina Kerkhoff<br \/>Altst\u00e4dter Weg 01<br \/>D \u2013 02899 Ostritz<br \/>info\/\/@\/\/weehouse.de<\/p><\/p>\n<\/div><\/div><\/div><\/div><\/div>\n","protected":false},"excerpt":{"rendered":"","protected":false},"author":1,"featured_media":0,"parent":0,"menu_order":0,"comment_status":"closed","ping_status":"closed","template":"","meta":{"footnotes":""},"class_list":["post-3865","page","type-page","status-publish","hentry"],"yoast_head":"<!-- This site is optimized with the Yoast SEO plugin v26.6 - https:\/\/yoast.com\/wordpress\/plugins\/seo\/ -->\n<title>Impressum - Coolinaria<\/title>\n<meta name=\"robots\" content=\"index, follow, max-snippet:-1, max-image-preview:large, max-video-preview:-1\" \/>\n<link rel=\"canonical\" href=\"https:\/\/coolinaria.eu\/impressum\/\" \/>\n<meta property=\"og:locale\" content=\"pl_PL\" \/>\n<meta property=\"og:type\" content=\"article\" \/>\n<meta property=\"og:title\" content=\"Impressum - Coolinaria\" \/>\n<meta property=\"og:url\" content=\"https:\/\/coolinaria.eu\/impressum\/\" \/>\n<meta property=\"og:site_name\" content=\"Coolinaria\" \/>\n<meta property=\"article:publisher\" content=\"https:\/\/www.facebook.com\/coolinaria.goerlitz\" \/>\n<meta name=\"twitter:card\" content=\"summary_large_image\" \/>\n<meta name=\"twitter:label1\" content=\"Szacowany czas czytania\" \/>\n\t<meta name=\"twitter:data1\" content=\"5 minut\" \/>\n<script type=\"application\/ld+json\" class=\"yoast-schema-graph\">{\"@context\":\"https:\/\/schema.org\",\"@graph\":[{\"@type\":\"WebPage\",\"@id\":\"https:\/\/coolinaria.eu\/impressum\/\",\"url\":\"https:\/\/coolinaria.eu\/impressum\/\",\"name\":\"Impressum - Coolinaria\",\"isPartOf\":{\"@id\":\"https:\/\/coolinaria.eu\/#website\"},\"datePublished\":\"2020-11-13T06:25:27+00:00\",\"breadcrumb\":{\"@id\":\"https:\/\/coolinaria.eu\/impressum\/#breadcrumb\"},\"inLanguage\":\"pl-PL\",\"potentialAction\":[{\"@type\":\"ReadAction\",\"target\":[\"https:\/\/coolinaria.eu\/impressum\/\"]}]},{\"@type\":\"BreadcrumbList\",\"@id\":\"https:\/\/coolinaria.eu\/impressum\/#breadcrumb\",\"itemListElement\":[{\"@type\":\"ListItem\",\"position\":1,\"name\":\"Startseite\",\"item\":\"https:\/\/coolinaria.eu\/pl\/\"},{\"@type\":\"ListItem\",\"position\":2,\"name\":\"Impressum\"}]},{\"@type\":\"WebSite\",\"@id\":\"https:\/\/coolinaria.eu\/#website\",\"url\":\"https:\/\/coolinaria.eu\/\",\"name\":\"Coolinaria\",\"description\":\"&quot;Coolinaria - deutsch\/polnisches Wein- und Genussfest | polsko\/niemiecki Festiwal Wina i Smaku&quot;\",\"publisher\":{\"@id\":\"https:\/\/coolinaria.eu\/#organization\"},\"potentialAction\":[{\"@type\":\"SearchAction\",\"target\":{\"@type\":\"EntryPoint\",\"urlTemplate\":\"https:\/\/coolinaria.eu\/?s={search_term_string}\"},\"query-input\":{\"@type\":\"PropertyValueSpecification\",\"valueRequired\":true,\"valueName\":\"search_term_string\"}}],\"inLanguage\":\"pl-PL\"},{\"@type\":\"Organization\",\"@id\":\"https:\/\/coolinaria.eu\/#organization\",\"name\":\"Coolinaria - \\\"Coolinaria - deutsch\/polnisches Wein- und Genussfest | polsko\/niemiecki Festiwal Wina i Smaku\\\"\",\"url\":\"https:\/\/coolinaria.eu\/\",\"logo\":{\"@type\":\"ImageObject\",\"inLanguage\":\"pl-PL\",\"@id\":\"https:\/\/coolinaria.eu\/#\/schema\/logo\/image\/\",\"url\":\"https:\/\/coolinaria.eu\/wp-content\/uploads\/2022\/05\/SAFE-THE-DATE.png\",\"contentUrl\":\"https:\/\/coolinaria.eu\/wp-content\/uploads\/2022\/05\/SAFE-THE-DATE.png\",\"width\":940,\"height\":788,\"caption\":\"Coolinaria - \\\"Coolinaria - deutsch\/polnisches Wein- und Genussfest | polsko\/niemiecki Festiwal Wina i Smaku\\\"\"},\"image\":{\"@id\":\"https:\/\/coolinaria.eu\/#\/schema\/logo\/image\/\"},\"sameAs\":[\"https:\/\/www.facebook.com\/coolinaria.goerlitz\",\"https:\/\/www.instagram.com\/coolinaria.goerlitz\/\"]}]}<\/script>\n<!-- \/ Yoast SEO plugin. -->","yoast_head_json":{"title":"Impressum - Coolinaria","robots":{"index":"index","follow":"follow","max-snippet":"max-snippet:-1","max-image-preview":"max-image-preview:large","max-video-preview":"max-video-preview:-1"},"canonical":"https:\/\/coolinaria.eu\/impressum\/","og_locale":"pl_PL","og_type":"article","og_title":"Impressum - Coolinaria","og_url":"https:\/\/coolinaria.eu\/impressum\/","og_site_name":"Coolinaria","article_publisher":"https:\/\/www.facebook.com\/coolinaria.goerlitz","twitter_card":"summary_large_image","twitter_misc":{"Szacowany czas czytania":"5 minut"},"schema":{"@context":"https:\/\/schema.org","@graph":[{"@type":"WebPage","@id":"https:\/\/coolinaria.eu\/impressum\/","url":"https:\/\/coolinaria.eu\/impressum\/","name":"Impressum - Coolinaria","isPartOf":{"@id":"https:\/\/coolinaria.eu\/#website"},"datePublished":"2020-11-13T06:25:27+00:00","breadcrumb":{"@id":"https:\/\/coolinaria.eu\/impressum\/#breadcrumb"},"inLanguage":"pl-PL","potentialAction":[{"@type":"ReadAction","target":["https:\/\/coolinaria.eu\/impressum\/"]}]},{"@type":"BreadcrumbList","@id":"https:\/\/coolinaria.eu\/impressum\/#breadcrumb","itemListElement":[{"@type":"ListItem","position":1,"name":"Startseite","item":"https:\/\/coolinaria.eu\/pl\/"},{"@type":"ListItem","position":2,"name":"Impressum"}]},{"@type":"WebSite","@id":"https:\/\/coolinaria.eu\/#website","url":"https:\/\/coolinaria.eu\/","name":"Coolinaria","description":"&quot;Coolinaria - deutsch\/polnisches Wein- und Genussfest | polsko\/niemiecki Festiwal Wina i Smaku&quot;","publisher":{"@id":"https:\/\/coolinaria.eu\/#organization"},"potentialAction":[{"@type":"SearchAction","target":{"@type":"EntryPoint","urlTemplate":"https:\/\/coolinaria.eu\/?s={search_term_string}"},"query-input":{"@type":"PropertyValueSpecification","valueRequired":true,"valueName":"search_term_string"}}],"inLanguage":"pl-PL"},{"@type":"Organization","@id":"https:\/\/coolinaria.eu\/#organization","name":"Coolinaria - \"Coolinaria - deutsch\/polnisches Wein- und Genussfest | polsko\/niemiecki Festiwal Wina i Smaku\"","url":"https:\/\/coolinaria.eu\/","logo":{"@type":"ImageObject","inLanguage":"pl-PL","@id":"https:\/\/coolinaria.eu\/#\/schema\/logo\/image\/","url":"https:\/\/coolinaria.eu\/wp-content\/uploads\/2022\/05\/SAFE-THE-DATE.png","contentUrl":"https:\/\/coolinaria.eu\/wp-content\/uploads\/2022\/05\/SAFE-THE-DATE.png","width":940,"height":788,"caption":"Coolinaria - \"Coolinaria - deutsch\/polnisches Wein- und Genussfest | polsko\/niemiecki Festiwal Wina i Smaku\""},"image":{"@id":"https:\/\/coolinaria.eu\/#\/schema\/logo\/image\/"},"sameAs":["https:\/\/www.facebook.com\/coolinaria.goerlitz","https:\/\/www.instagram.com\/coolinaria.goerlitz\/"]}]}},"_links":{"self":[{"href":"https:\/\/coolinaria.eu\/pl\/wp-json\/wp\/v2\/pages\/3865","targetHints":{"allow":["GET"]}}],"collection":[{"href":"https:\/\/coolinaria.eu\/pl\/wp-json\/wp\/v2\/pages"}],"about":[{"href":"https:\/\/coolinaria.eu\/pl\/wp-json\/wp\/v2\/types\/page"}],"author":[{"embeddable":true,"href":"https:\/\/coolinaria.eu\/pl\/wp-json\/wp\/v2\/users\/1"}],"replies":[{"embeddable":true,"href":"https:\/\/coolinaria.eu\/pl\/wp-json\/wp\/v2\/comments?post=3865"}],"version-history":[{"count":0,"href":"https:\/\/coolinaria.eu\/pl\/wp-json\/wp\/v2\/pages\/3865\/revisions"}],"wp:attachment":[{"href":"https:\/\/coolinaria.eu\/pl\/wp-json\/wp\/v2\/media?parent=3865"}],"curies":[{"name":"wp","href":"https:\/\/api.w.org\/{rel}","templated":true}]}}